{"id":13635,"date":"2021-04-15T19:29:36","date_gmt":"2021-04-15T17:29:36","guid":{"rendered":"https:\/\/www.residencetramonti.com\/privacy-policy\/"},"modified":"2021-04-15T19:35:04","modified_gmt":"2021-04-15T17:35:04","slug":"privacy-policy","status":"publish","type":"page","link":"https:\/\/www.residencetramonti.com\/en\/privacy-policy\/","title":{"rendered":"Privacy Policy"},"content":{"rendered":"<div class=\"wpb-content-wrapper\"><p>[vc_row][vc_column][vc_column_text]<strong>INFORMATIVA SUL TRATTAMENTO DEI DATI PERSONALI DEGLI UTENTI DEL SITO WEB <\/strong><a href=\"https:\/\/www.genghinieassociati.it\/\" target=\"_blank\" rel=\"noopener\"><strong>https:\/\/www.residencetramonti.com\/<\/strong><\/a> <strong><em>EX<\/em><\/strong><strong> ART. 13 DEL REGOLAMENTO (UE) 679\/2016 (General Data Protection Regulation &#8211; GDPR)<\/strong><\/p>\n<p>&nbsp;<\/p>\n<p>La presente informativa descrive le modalit\u00e0 e le finalit\u00e0 del trattamento dei dati personali degli utenti che accedono e utilizzano il sito web https:\/\/www.residencetramonti.com\/ (di seguito, anche solo \u201cSito\u201d) nel rispetto della disciplina vigente in materia di protezione dei dati personali.<\/p>\n<p>In ossequio ai principi riconosciuti dal Regolamento europeo 679\/2016, inoltre, la presente informativa fornisce all\u2019utente (Interessato al trattamento) ogni informazione necessaria ad assicurare un trattamento corretto e trasparente, in relazione al contesto specifico in cui i dati personali sono raccolti e successivamente trattati.<\/p>\n<p>La presente informativa \u00e8 resa solo per il Sito e i sottodomini ad esso correlati e non anche per i siti web di terze parti accessibili tramite collegamenti ipertestuali (link) contenuti nel Sito (come ad esempio il reindirizzamento a facebook, tripadvisor, o ai siti dei partner), di cui il Titolare del trattamento non \u00e8 in alcun modo responsabile, salvo quanto precisato in seguito con riferimento alle piattaforme esterne, accessibili tramite il Sito per l\u2019erogazione di servizi offerti dal Titolare.<\/p>\n<ol>\n<li><strong> Titolare del trattamento<\/strong><\/li>\n<\/ol>\n<p>Il Titolare del trattamento \u00e8 Torre Inserraglio S.r.l., con sede in Contrada Sciogli, Via Provinciale S. Isidoro- S.Caterina- 73048 Nard\u00f2(Le); tel.: +39 0833 830630 ; e-mail: <a href=\"mailto:info@residence\">info@residence<\/a>tramonti.it; P.IVA: 04624180750.<\/p>\n<ol start=\"2\">\n<li><strong> Natura del conferimento dei dati<\/strong><\/li>\n<\/ol>\n<p>Per usufruire di alcuni servizi del Sito, potrebbe essere richiesto all\u2019utente di fornire i dati personali necessari ad assicurare la fruizione dei servizi medesimi: in particolare, ai fini della compilazione dei <em>form<\/em> presenti nelle sezioni \u201c<u>Richiedi un preventivo<\/u>\u201d e \u201c<u>Contatti<\/u>\u201d il conferimento dei dati contrassegnati con l\u2019asterisco (*) \u00e8 necessario per la gestione delle richieste inoltrate dall\u2019utente.<\/p>\n<ol start=\"3\">\n<li><strong> Tipi di dati trattati e finalit\u00e0 del trattamento<\/strong><\/li>\n<\/ol>\n<p>Le operazioni di trattamento sono svolte con riferimento ai soli dati personali necessari per l\u2019utilizzo del Sito e delle sue funzionalit\u00e0. I tipi di dati oggetto di trattamento comprendono, in particolare:<\/p>\n<p>&nbsp;<\/p>\n<ol>\n<li>dati di navigazione, raccolti con modalit\u00e0 automatiche, esclusivamente al fine di ottenere informazioni statistiche aggregate e rese anonime relative all\u2019uso del Sito (tra cui, a titolo esemplificativo, indirizzi IP, orari di navigazione, dati geografici e altri parametri relativi al sistema operativo e all&#8217;ambiente informatico dell&#8217;utente); tali informazioni potrebbero tuttavia, anche attraverso elaborazioni e\/o associazioni con altri dati, detenuti dal provider o da terzi, consentire di risalire all\u2019identit\u00e0 dell\u2019utente; i dati di navigazione non vengono, n\u00e9 verranno in nessun caso utilizzati dal Titolare per compiere attivit\u00e0 di profilazione dell\u2019utente n\u00e9 saranno diffusi o comunicati a terzi;<\/li>\n<\/ol>\n<p>&nbsp;<\/p>\n<ol>\n<li>dati resi volontariamente dall&#8217;utente, in particolare:<\/li>\n<\/ol>\n<p>&nbsp;<\/p>\n<ul>\n<li>attraverso la compilazione dei <em>form<\/em> presenti nelle sezioni <u>Richiedi un preventivo<\/u>\u201d e \u201c<u>Contatti<\/u>\u201d(dati anagrafici, indirizzo di posta elettronica, telefono e altri dati utili ai fini della richiesta di preventivo) al fine di riscontrare alle richieste di preventivo di spesa per soggiorni presso la struttura alberghiera\u00a0 e ulteriori richieste di informazioni.<\/li>\n<li>nome e indirizzo e-mail conferiti mediante la compilazione del form di iscrizione al servizio di newsletter, al fine di inviare comunicazioni periodiche relative ad offerte della struttura alberghiera;<\/li>\n<li>mediante l\u2019invio, facoltativo e volontario, di messaggi di posta elettronica all&#8217;indirizzo e-mail indicato sul Sito, al fine di riscontrare le richieste dell\u2019Interessato;<\/li>\n<li>nome, indirizzo e-mail ed eventuali altri dati personali conferiti via e-mail per valutare la richiesta di collaborazione e il profilo professionale dell\u2019utente e, se del caso, programmare e gestire la procedura di selezione.<\/li>\n<\/ul>\n<p>I dati personali dell\u2019utente sono raccolti e trattati per le finalit\u00e0 connesse all\u2019erogazione dei servizi offerti tramite il Sito.<\/p>\n<ol start=\"4\">\n<li><strong> Modalit\u00e0 del trattamento dei dati<\/strong><\/li>\n<\/ol>\n<p>Il trattamento sar\u00e0 effettuato mediante strumenti cartacei e\/o informatici, anche a mezzo di soggetti a ci\u00f2 autorizzati, che operano sotto la diretta autorit\u00e0 e secondo le istruzioni impartite dal Titolare, con logiche strettamente correlate alle finalit\u00e0 indicate e, comunque, in modo da garantire la sicurezza e la riservatezza dei dati trattati.<\/p>\n<p>Le operazioni di trattamento sono svolte in modo da garantire la sicurezza dei dati e dei sistemi. Sono adottate specifiche misure di sicurezza al fine di ridurre al minimo i rischi di distruzione o di perdita, anche accidentale, dei dati stessi, di accesso non autorizzato, di trattamento non consentito o non conforme rispetto alle finalit\u00e0 indicate nella presente informativa.<\/p>\n<h3>5.Periodo di conservazione dei dati<\/h3>\n<p>I dati oggetto di trattamento saranno conservati per un periodo di tempo non superiore a quello necessario a conseguire gli scopi per i quali essi sono stati raccolti o successivamente trattati e, in particolare:<\/p>\n<p>&#8211; i dati forniti mediante l\u2019invio di messaggi di posta elettronica o la compilazione dei <em>form <\/em>di contatto presenti sul sito saranno conservati per il tempo necessario a fornire riscontro;<\/p>\n<p>&#8211; i dati forniti ai fini dell\u2019iscrizione al servizio di newsletter saranno trattati fino ad eventuale esercizio del diritto di opposizione <em>ex <\/em>21 del GDPR da parte dell\u2019interessato;<\/p>\n<p>&#8211; i dati forniti al fine di valutare la richiesta di collaborazione lavorativa saranno conservati per un periodo massimo di 12 mesi dal loro conferimento e potranno essere utilizzati per eventuali contatti finalizzati a successive selezioni.<\/p>\n<p>Il Titolare provveder\u00e0, dopo la decorrenza dei termini di conservazione secondo i criteri suindicati, ad adottare misure preordinate alla cancellazione dei dati che non debbano essere conservati per specifici obblighi di normativi.<\/p>\n<ol start=\"6\">\n<li><strong> Categorie di destinatari <\/strong><\/li>\n<\/ol>\n<p>I dati personali dell\u2019Interessato potranno essere comunicati a:<\/p>\n<ul>\n<li>collaboratori e dipendenti appositamente incaricati nell\u2019ambito delle relative mansioni (es. per la gestione delle prenotazioni, riscontro delle richieste di informazioni ,etc.);<\/li>\n<li>Envisiongroup S.r.l. per la gestione e manutenzione del Sito;<\/li>\n<li>Fornitori dei servizi offerti tramite il Sito o connessi al suo funzionamento.<\/li>\n<\/ul>\n<p>I dati personali non saranno trasferiti all\u2019estero, verso Paesi o Organizzazioni internazionali non appartenenti all\u2019Unione Europea che non garantiscono un livello di protezione adeguato, riconosciuto, ai sensi dell\u2019art. 45 GDPR, sulla base di una decisione di adeguatezza della Commissione UE. Nel caso in cui si renda necessario per l\u2019erogazione dei servizi del Sito, il trasferimento dei dati personali verso Paesi o Organizzazioni internazionali extra UE, per cui la Commissione non abbia adottato alcuna decisione di adeguatezza ai sensi dell\u2019art. 45 GDPR, avr\u00e0 luogo solo in presenza di garanzie adeguate fornite dal Paese o dall\u2019Organizzazione destinatari, ai sensi dell\u2019art. 46 GDPR e a condizione che gli interessati dispongano di diritti azionabili e mezzi di ricorso effettivi.<\/p>\n<p>In mancanza di una decisione di adeguatezza della Commissione, ai sensi dell\u2019art. 45 GDPR, o di garanzie adeguate, ai sensi dell\u2019art. 46 GDPR, comprese le norme vincolanti d\u2019impresa, il trasferimento transfrontaliero avr\u00e0 luogo soltanto se si verifica una delle condizioni indicate all\u2019art. 49 GDPR.<\/p>\n<ol start=\"7\">\n<li><strong> Diritti dell\u2019interessato<\/strong><\/li>\n<\/ol>\n<p>All\u2019Interessato \u00e8 riconosciuto il diritto di accedere ai propri dati personali, di chiederne la rettifica, l&#8217;aggiornamento e la cancellazione o la limitazione, se incompleti, erronei o raccolti in violazione alla legge, nonch\u00e9 di opporsi al trattamento per motivi legittimi o di ottenerne la portabilit\u00e0.<\/p>\n<p>L&#8217;Interessato, in particolare, ai sensi degli artt. 15-22 del Regolamento (UE) ha diritto di ottenere la conferma dell&#8217;esistenza o meno di dati personali che lo riguardano, anche se non ancora registrati, e la loro comunicazione in forma intelligibile.<\/p>\n<p>L&#8217;Interessato ha inoltre diritto di ottenere l&#8217;indicazione:<\/p>\n<ol>\n<li>a) delle finalit\u00e0 e delle modalit\u00e0 del trattamento;<\/li>\n<li>b) della logica applicata in caso di trattamento effettuato con l&#8217;ausilio di strumenti elettronici;<\/li>\n<li>c) degli estremi identificativi del Titolare, del Responsabile e dei soggetti o delle categorie di soggetti ai quali i dati personali possono essere comunicati o che possono venirne a conoscenza in qualit\u00e0 di autorizzati al trattamento.<\/li>\n<\/ol>\n<p>L&#8217;Interessato ha diritto di ottenere:<\/p>\n<ol>\n<li>a) l&#8217;aggiornamento, la rettifica o l&#8217;integrazione dei propri dati;<\/li>\n<li>b) la cancellazione, la trasformazione in forma anonima o il blocco dei dati trattati in violazione di legge, compresi quelli di cui non \u00e8 necessaria la conservazione in relazione alle finalit\u00e0 del trattamento;<\/li>\n<li>c) la limitazione del trattamento, quando ricorre una delle ipotesi di cui all\u2019articolo 18 GDPR;<\/li>\n<li>d) l&#8217;attestazione che le operazioni di cui alle lettere a), b) e c) sono state portate a conoscenza di coloro ai quali i dati sono stati comunicati o diffusi, eccettuato il caso in cui tale adempimento si rivela impossibile o comporti un impiego di mezzi manifestamente sproporzionato rispetto al diritto tutelato;<\/li>\n<li>d) la trasmissione dei dati che lo riguardano, forniti al Titolare e trattati sulla base del consenso espresso dall\u2019Interessato per una o pi\u00f9 specifiche finalit\u00e0, in un formato strutturato, di uso comune e leggibile da dispositivo automatico. Ai sensi dell\u2019art. 20 GDPR, l\u2019Interessato ha, inoltre, il diritto di trasmettere tali dati a un altro Titolare del trattamento senza impedimenti e, se tecnicamente fattibile, di ottenere la trasmissione diretta dei dati personali da un titolare del trattamento all&#8217;altro.<\/li>\n<li>e) qualora il trattamento sia basato sul consenso, revocare il proprio consenso in qualsiasi momento (<em>ex <\/em> 7, par. 3 GDPR).<\/li>\n<\/ol>\n<p>L&#8217;Interessato ha diritto di opporsi, in tutto o in parte:<\/p>\n<ol>\n<li>a) per motivi legittimi al trattamento dei dati personali che lo riguardano, ancorch\u00e9 pertinenti allo scopo della raccolta;<\/li>\n<li>b) a processi decisionali automatizzati che incidano significativamente sulla sua persona.<\/li>\n<\/ol>\n<p>Fatto salvo ogni altro ricorso amministrativo o giurisdizionale, l\u2019interessato ha il diritto di proporre reclamo e\/o segnalazione a un\u2019Autorit\u00e0 di controllo, segnatamente nello Stato membro in cui risiede abitualmente, lavora oppure del luogo ove si \u00e8 verificata la presunta violazione.<\/p>\n<ol start=\"8\">\n<li><strong>8. Esercizio dei diritti<\/strong><\/li>\n<\/ol>\n<p>I diritti di cui sopra sono esercitati con richiesta rivolta al Titolare, mediante invio di messaggio di posta elettronica all\u2019indirizzo: info@residencetramonti.it. La richiesta \u00e8 formulata liberamente e senza formalit\u00e0 dall\u2019Interessato, che ha diritto di riceverne idoneo riscontro entro un termine ragionevole, in funzione delle circostanze del caso.<\/p>\n<p>L\u2019Interessato pu\u00f2 avvalersi, per l\u2019esercizio dei suoi diritti, di organismi, organizzazioni o associazioni senza scopo di lucro, i cui obiettivi statutari siano di pubblico interesse e che siano attivi nel settore della protezione dei diritti e delle libert\u00e0 degli Interessati con riguardo alla protezione dei dati personali, conferendo, a tal fine, idoneo mandato. L\u2019Interessato pu\u00f2, altres\u00ec, farsi assistere da una persona di fiducia.<\/p>\n<p>\u00c8 possibile ricevere maggiori informazioni sulle finalit\u00e0 e sulle modalit\u00e0 di trattamento dei dati personali, scrivendo all\u2019indirizzo e-mail: info@residencetramonti.it e indicando nell\u2019oggetto \u201cPrivacy\u201d.<\/p>\n<p>Per conoscere i propri diritti, proporre un reclamo ed essere sempre aggiornato sulla normativa in materia di tutela delle persone rispetto al trattamento dei dati personali, l\u2019Interessato pu\u00f2 rivolgersi all\u2019Autorit\u00e0 Garante per la protezione dei dati personali, consultando il sito web all&#8217;indirizzo <a href=\"http:\/\/www.garanteprivacy.it\/\" target=\"_blank\" rel=\"noopener\">http:\/\/www.garanteprivacy.it\/<\/a>.<\/p>\n<p>[\/vc_column_text][\/vc_column][\/vc_row]<\/p>\n<\/div>","protected":false},"excerpt":{"rendered":"<p>[vc_row][vc_column][vc_column_text]INFORMATIVA SUL TRATTAMENTO DEI DATI PERSONALI DEGLI UTENTI DEL SITO WEB https:\/\/www.residencetramonti.com\/ EX ART. 13 DEL REGOLAMENTO (UE) 679\/2016 (General Data Protection Regulation &#8211; GDPR) &nbsp; La presente informativa descrive le modalit\u00e0 e le finalit\u00e0 del trattamento dei dati personali degli utenti che accedono e utilizzano il sito web https:\/\/www.residencetramonti.com\/ (di seguito, anche solo \u201cSito\u201d) [&hellip;]<\/p>\n","protected":false},"author":1,"featured_media":0,"parent":0,"menu_order":0,"comment_status":"closed","ping_status":"closed","template":"","meta":{"footnotes":""},"class_list":["post-13635","page","type-page","status-publish","hentry"],"_links":{"self":[{"href":"https:\/\/www.residencetramonti.com\/en\/wp-json\/wp\/v2\/pages\/13635","targetHints":{"allow":["GET"]}}],"collection":[{"href":"https:\/\/www.residencetramonti.com\/en\/wp-json\/wp\/v2\/pages"}],"about":[{"href":"https:\/\/www.residencetramonti.com\/en\/wp-json\/wp\/v2\/types\/page"}],"author":[{"embeddable":true,"href":"https:\/\/www.residencetramonti.com\/en\/wp-json\/wp\/v2\/users\/1"}],"replies":[{"embeddable":true,"href":"https:\/\/www.residencetramonti.com\/en\/wp-json\/wp\/v2\/comments?post=13635"}],"version-history":[{"count":1,"href":"https:\/\/www.residencetramonti.com\/en\/wp-json\/wp\/v2\/pages\/13635\/revisions"}],"predecessor-version":[{"id":13637,"href":"https:\/\/www.residencetramonti.com\/en\/wp-json\/wp\/v2\/pages\/13635\/revisions\/13637"}],"wp:attachment":[{"href":"https:\/\/www.residencetramonti.com\/en\/wp-json\/wp\/v2\/media?parent=13635"}],"curies":[{"name":"wp","href":"https:\/\/api.w.org\/{rel}","templated":true}]}}